{"id":442,"date":"2019-05-07T11:07:13","date_gmt":"2019-05-07T09:07:13","guid":{"rendered":"http:\/\/34.242.210.101\/?page_id=442"},"modified":"2026-02-03T12:23:47","modified_gmt":"2026-02-03T11:23:47","slug":"tariffe-e-condizioni","status":"publish","type":"page","link":"https:\/\/virasol.it\/it\/tariffe-e-condizioni\/","title":{"rendered":"Tariffe e condizioni"},"content":{"rendered":"<p>[vc_row css=&#8221;.vc_custom_1557220947311{margin-top: 4em !important;}&#8221;][vc_column][vc_custom_heading text=&#8221;<strong>TARIFFE<\/strong> E <strong>CONDIZIONI<\/strong>&#8221; font_container=&#8221;tag:h2|text_align:left|color:%23f6ba60&#8243; google_fonts=&#8221;font_family:Fira%20Sans%3A300%2C300italic%2C400%2C400italic%2C500%2C500italic%2C700%2C700italic|font_style:400%20regular%3A400%3Anormal&#8221; css_animation=&#8221;fadeIn&#8221; css=&#8221;.vc_custom_1557220994621{margin-bottom: 15px !important;}&#8221;][vc_column_text]<\/p>\n<p class=\"p1\"><span class=\"s1\">Per l&#8217;anno 2026 il B&amp;B VIRASOL sar\u00e0 aperto dal 16\/05 al 15\/10.<\/span><\/p>\n<p>CIR 004082-BEB-00005<\/p>\n<p>CIN IT004082C1RV6QFP9Y<\/p>\n<p class=\"p1\"><span class=\"s1\"><br \/>\n<\/span><span class=\"s1\">Check-in dalle ore 15 alle ore 19; per diverse esigenze sar\u00e0 necessario farne richiesta alla struttura per prendere accordi. I<\/span><span class=\"s1\">n ogni caso \u00e8 gradita la comunicazione dell&#8217;ora di arrivo almeno 24 ore prima dell&#8217;arrivo stesso: essendo il b&amp;b una piccola struttura a gestione familiare, non esiste un servizio di reception disponibile a tutte le ore del giorno!<br \/>\n<\/span><span class=\"s1\">Check-out entro le ore 10.<\/span><\/p>\n<p class=\"p3\"><span class=\"s1\"><b>PREZZI STAGIONE UNICA<\/b><\/span><\/p>\n<p class=\"p3\"><strong>Le tariffe si intendono al giorno, per pernottamento in camera doppia e prima colazione inclusa<\/strong><\/p>\n<ul>\n<li>1 NOTTE: 115 \u20ac<\/li>\n<li>2 NOTTI: 110 \u20ac<\/li>\n<li>3-4 NOTTI: 105 \u20ac<\/li>\n<li>5-6 NOTTI: 100<\/li>\n<li>&gt;7 NOTTI: 95 \u20ac<\/li>\n<\/ul>\n<p class=\"p1\"><span class=\"s1\">Saranno benvenuti i bambini a partire dall&#8217;et\u00e0 di sei anni.<\/span><\/p>\n<p class=\"p1\"><span class=\"s1\">Per ogni ospite aggiunto (max 2), possibile solo nella nella camera \u201cAlice\u201d,\u00a0 la tariffa aggiuntiva sar\u00e0 di<\/span><span class=\"s1\"> 25 \u20ac al giorno\/letto (a partire dai 10 anni) ,20\u20ac al giorno\/letto (da 6 a 9 anni).<\/span><\/p>\n<p>&nbsp;<\/p>\n<hr \/>\n<p class=\"p1\"><strong><span class=\"s1\">Non sono compresi nella tariffa giornaliera:<\/span><\/strong><\/p>\n<p><strong>La tassa di soggiorno<\/strong> che \u00e8 da pagare in loco al check-in (2 \u20ac al giorno a persona).<\/p>\n<p><strong>L&#8217;utilizzo della cucina attrezzata (solo per la cena)<\/strong>, 10 \u20ac.<\/p>\n<p class=\"p1\"><span class=\"s1\"><strong>L&#8217;utilizzo dell&#8217;area benessere<\/strong>: 20 \u20ac al giorno a persona, comprensivo di accappatoio, telo per la sauna, tisane e\u2026relax!!!<br \/>\nL&#8217;area benessere \u00e8 di uso esclusivo di ogni singola camera, previa prenotazione, in fascia oraria pomeridiana e per la durata di un&#8217;ora e mezza.<br \/>\n<\/span><\/p>\n<p class=\"p1\"><span class=\"s1\">Leggere attentamente le norme riguardanti la prenotazione. La conferma della prenotazione implica l\u2019accettazione dei nostri <b>termini di cancellazione e deposito<\/b>.<\/span><\/p>\n<p class=\"p1\">\u00a0<span class=\"s1\">Soggiorni massimi consentiti: 29 giorni consecutivi.<br \/>\n<\/span><span class=\"s1\"><br \/>\n<\/span><\/p>\n<p class=\"p1\"><span class=\"s1\">Gli animali purtroppo non potranno essere ammessi nella struttura.<\/span><\/p>\n<p class=\"p1\"><span class=\"s1\">Nelle camere e nelle zone comuni del B&amp;B \u00e8\u00a0<\/span><strong>severamente vietato\u00a0fumare<\/strong>. La struttura \u00e8 dotata di rilevatori antifumo.<\/p>\n<hr \/>\n<p class=\"p1\"><em><strong><span class=\"s1\">Condizioni di prenotazione e cancellazione<\/span><\/strong><\/em><\/p>\n<p class=\"p1\"><em><span class=\"s1\">In caso di prenotazione con invio di email direttamente al B&amp;B \u00e8 richiesta una <b>caparra confirmatoria<\/b> del 15% tramite bonifico bancario. La suddetta caparra dovr\u00e0 essere versata entro tre giorni dal ricevimento da parte del B&amp;B della conferma di disponibilit\u00e0 della camera, dopo i quali altrimenti non si potr\u00e0 ritenere confermata la prenotazione.<br \/>\n<\/span><\/em><em><span class=\"s1\">In caso di <b>disdetta<\/b>, sar\u00e0 da ritenersi valida solo se<b> <\/b>effettuata tramite<b> invio di un\u2019email alla struttura<\/b>. Come previsto dal codice civile all\u2019 art.1385,<span class=\"Apple-converted-space\">\u00a0 <\/span>verr\u00e0 restituita la caparra gi\u00e0 versata con le condizioni sotto elencate:<span class=\"Apple-converted-space\">\u00a0 <\/span>fino a 8 giorni<span class=\"Apple-converted-space\">\u00a0 <\/span>precedenti il check-in in alta e media stagione, fino a 3 giorni prima del check-in in bassa stagione; dopo tale periodo la stessa sar\u00e0 trattenuta, ma sar\u00f2 lieta di ritenerla valida per una nuova prenotazione nei 12 mesi successivi.<br \/>\n<\/span><span class=\"s1\">In caso di <b>interruzione del soggiorno<\/b> da parte degli ospiti, si \u00e8 tenuti a versare l\u2019intera cifra del soggiorno prenotato.<br \/>\n<\/span><span class=\"s1\">In caso di <b>non-presentazione <\/b>verr\u00e0 trattenuta la caparra versata.<br \/>\n<\/span><span class=\"s1\">Il <b>saldo<\/b> della prenotazione dovr\u00e0 essere effettuato alla partenza, compresi eventuali extra, e potr\u00e0 essere effettuato tramite carta di credito, bancomat o contanti.<\/span><\/em><\/p>\n<p class=\"p1\"><em><span class=\"s1\"><b>Cause di forza maggiore<br \/>\n<\/b><\/span><span class=\"s1\">Il B&amp;B Virasol declina ogni responsabilit\u00e0 per disservizi dovuti a mancate forniture, guasti fortuiti alle apparecchiature o ad altre cause di forza maggiore. Si declina ogni responsabilit\u00e0 per danni causati da altri ospiti, da eventi atmosferici, calamit\u00e0 naturali, malattie e furti.<\/span><\/em><\/p>\n<p>&nbsp;<\/p>\n<p>&nbsp;<\/p>\n<p>&nbsp;<\/p>\n<hr \/>\n<p><a href=\"http:\/\/34.242.210.101\/privacy-policy\/\">Privacy Policy<\/a>[\/vc_column_text][\/vc_column][\/vc_row]<\/p>\n","protected":false},"excerpt":{"rendered":"<p>[vc_row css=&#8221;.vc_custom_1557220947311{margin-top: 4em !important;}&#8221;][vc_column][vc_custom_heading text=&#8221;TARIFFE E CONDIZIONI&#8221; font_container=&#8221;tag:h2|text_align:left|color:%23f6ba60&#8243; google_fonts=&#8221;font_family:Fira%20Sans%3A300%2C300italic%2C400%2C400italic%2C500%2C500italic%2C700%2C700italic|font_style:400%20regular%3A400%3Anormal&#8221; css_animation=&#8221;fadeIn&#8221; css=&#8221;.vc_custom_1557220994621{margin-bottom: 15px !important;}&#8221;][vc_column_text] Per l&#8217;anno 2026 il B&amp;B VIRASOL sar\u00e0 aperto dal 16\/05 al 15\/10. CIR 004082-BEB-00005 CIN IT004082C1RV6QFP9Y Check-in dalle ore 15 alle ore 19; per diverse esigenze sar\u00e0 necessario farne richiesta alla struttura per prendere accordi. In ogni caso \u00e8 gradita la comunicazione [&hellip;]<\/p>\n","protected":false},"author":4,"featured_media":0,"parent":0,"menu_order":0,"comment_status":"closed","ping_status":"closed","template":"","meta":[],"_links":{"self":[{"href":"https:\/\/virasol.it\/it\/wp-json\/wp\/v2\/pages\/442"}],"collection":[{"href":"https:\/\/virasol.it\/it\/wp-json\/wp\/v2\/pages"}],"about":[{"href":"https:\/\/virasol.it\/it\/wp-json\/wp\/v2\/types\/page"}],"author":[{"embeddable":true,"href":"https:\/\/virasol.it\/it\/wp-json\/wp\/v2\/users\/4"}],"replies":[{"embeddable":true,"href":"https:\/\/virasol.it\/it\/wp-json\/wp\/v2\/comments?post=442"}],"version-history":[{"count":36,"href":"https:\/\/virasol.it\/it\/wp-json\/wp\/v2\/pages\/442\/revisions"}],"predecessor-version":[{"id":1353,"href":"https:\/\/virasol.it\/it\/wp-json\/wp\/v2\/pages\/442\/revisions\/1353"}],"wp:attachment":[{"href":"https:\/\/virasol.it\/it\/wp-json\/wp\/v2\/media?parent=442"}],"curies":[{"name":"wp","href":"https:\/\/api.w.org\/{rel}","templated":true}]}}